{"id":13,"date":"2024-01-10T10:36:01","date_gmt":"2024-01-10T09:36:01","guid":{"rendered":"http:\/\/www.bocateriabiper.com\/?page_id=13"},"modified":"2024-01-12T11:22:00","modified_gmt":"2024-01-12T10:22:00","slug":"nosotros","status":"publish","type":"page","link":"https:\/\/www.bocateriabiper.com\/index.php\/nosotros\/","title":{"rendered":"Nosotros"},"content":{"rendered":"\n<div class=\"wp-block-media-text alignwide has-media-on-the-right is-stacked-on-mobile is-vertically-aligned-center has-background\" style=\"background-color:#e7f0fa\"><div class=\"wp-block-media-text__content\">\n<div class=\"wp-block-group is-layout-flow wp-block-group-is-layout-flow\" style=\"padding-top:2em;padding-right:2em;padding-bottom:2em;padding-left:2em\">\n<p style=\"font-size:36px;line-height:1.2\"><strong><strong>Bienvenidos a<\/strong> <strong>Bocater\u00eda Biper<\/strong><\/strong><\/p>\n\n\n\n<p>En Bocater\u00eda Biper, nos enorgullece ofrecer una experiencia gastron\u00f3mica \u00fanica que deleita los sentidos y satisface los paladares m\u00e1s exigentes. Desde nuestros modestos comienzos hasta convertirnos en una referencia culinaria en Tuy, hemos dedicado cada paso de nuestro viaje a la excelencia en la preparaci\u00f3n de bocadillos.<\/p>\n\n\n\n<p><strong>Compromiso con la Calidad<\/strong><\/p>\n\n\n\n<p>En el coraz\u00f3n de nuestro \u00e9xito se encuentra nuestro compromiso inquebrantable con la calidad. Seleccionamos cuidadosamente los ingredientes m\u00e1s frescos y de la m\u00e1s alta calidad, garantizando que cada bocado sea una explosi\u00f3n de sabores aut\u00e9nticos.<\/p>\n\n\n\n<p><strong>Historia que Inspira<\/strong><\/p>\n\n\n\n<p>La Bocater\u00eda Biper tiene una historia rica y apasionante. Desde entonces, hemos trabajado incansablemente para perfeccionar nuestras recetas y ofrecer a nuestros clientes una experiencia \u00fanica que va m\u00e1s all\u00e1 de lo convencional.<\/p>\n<\/div>\n<\/div><figure class=\"wp-block-media-text__media\"><img loading=\"lazy\" decoding=\"async\" width=\"416\" height=\"521\" src=\"http:\/\/www.bocateriabiper.com\/wp-content\/uploads\/2024\/01\/Local1.png\" alt=\"\" class=\"wp-image-200 size-full\"\/><\/figure><\/div>\n\n\n\n<div class=\"wp-block-media-text alignwide is-stacked-on-mobile is-vertically-aligned-center has-background\" style=\"background-color:#e7f0fa\"><figure class=\"wp-block-media-text__media\"><img loading=\"lazy\" decoding=\"async\" width=\"417\" height=\"278\" src=\"http:\/\/www.bocateriabiper.com\/wp-content\/uploads\/2024\/01\/Local2.png\" alt=\"\" class=\"wp-image-201 size-full\"\/><\/figure><div class=\"wp-block-media-text__content\">\n<div class=\"wp-block-group is-layout-flow wp-block-group-is-layout-flow\" style=\"padding-top:2em;padding-right:2em;padding-bottom:2em;padding-left:2em\">\n<p><strong>Ambiente Acogedor<\/strong><\/p>\n\n\n\n<p>En nuestro acogedor establecimiento, creamos un ambiente donde la comida excelente se combina con un servicio excepcional. Ya sea que te encuentres disfrutando de un bocadillo r\u00e1pido o planeando una reuni\u00f3n especial, estamos comprometidos a brindarte una experiencia que te haga sentir como en casa.<\/p>\n\n\n\n<p><strong>Comprometidos con la Comunidad<\/strong><\/p>\n\n\n\n<p>En Bocater\u00eda Biper, no solo somos amantes de la buena comida, sino tambi\u00e9n apasionados por nuestra comunidad. Colaboramos con productores locales siempre que es posible y participamos activamente en iniciativas que promueven el bienestar de nuestra comunidad.<\/p>\n\n\n\n<p>Explora nuestra p\u00e1gina para descubrir m\u00e1s sobre nuestro men\u00fa tentador, eventos emocionantes y c\u00f3mo Bocater\u00eda Biper se ha convertido en un referente en la escena gastron\u00f3mica local.<\/p>\n\n\n\n<p>\u00a1Bienvenidos a la familia Bocater\u00eda Biper!<\/p>\n<\/div>\n<\/div><\/div>\n","protected":false},"excerpt":{"rendered":"","protected":false},"author":1,"featured_media":0,"parent":0,"menu_order":0,"comment_status":"closed","ping_status":"closed","template":"","meta":{"footnotes":""},"class_list":["post-13","page","type-page","status-publish","hentry"],"yoast_head":"<!-- This site is optimized with the Yoast SEO plugin v27.4 - https:\/\/yoast.com\/product\/yoast-seo-wordpress\/ -->\n<title>Nosotros - Bocater\u00eda B\u00edper<\/title>\n<meta name=\"robots\" content=\"index, follow, max-snippet:-1, max-image-preview:large, max-video-preview:-1\" \/>\n<link rel=\"canonical\" href=\"https:\/\/www.bocateriabiper.com\/index.php\/nosotros\/\" \/>\n<meta property=\"og:locale\" content=\"es_ES\" \/>\n<meta property=\"og:type\" content=\"article\" \/>\n<meta property=\"og:title\" content=\"Nosotros - Bocater\u00eda B\u00edper\" \/>\n<meta property=\"og:url\" content=\"https:\/\/www.bocateriabiper.com\/index.php\/nosotros\/\" \/>\n<meta property=\"og:site_name\" content=\"Bocater\u00eda B\u00edper\" \/>\n<meta property=\"article:modified_time\" content=\"2024-01-12T10:22:00+00:00\" \/>\n<meta property=\"og:image\" content=\"http:\/\/www.bocateriabiper.com\/wp-content\/uploads\/2024\/01\/Local1.png\" \/>\n<meta name=\"twitter:card\" content=\"summary_large_image\" \/>\n<meta name=\"twitter:label1\" content=\"Tiempo de lectura\" \/>\n\t<meta name=\"twitter:data1\" content=\"1 minuto\" \/>\n<script type=\"application\/ld+json\" class=\"yoast-schema-graph\">{\"@context\":\"https:\\\/\\\/schema.org\",\"@graph\":[{\"@type\":\"WebPage\",\"@id\":\"https:\\\/\\\/www.bocateriabiper.com\\\/index.php\\\/nosotros\\\/\",\"url\":\"https:\\\/\\\/www.bocateriabiper.com\\\/index.php\\\/nosotros\\\/\",\"name\":\"Nosotros - Bocater\u00eda B\u00edper\",\"isPartOf\":{\"@id\":\"https:\\\/\\\/www.bocateriabiper.com\\\/#website\"},\"primaryImageOfPage\":{\"@id\":\"https:\\\/\\\/www.bocateriabiper.com\\\/index.php\\\/nosotros\\\/#primaryimage\"},\"image\":{\"@id\":\"https:\\\/\\\/www.bocateriabiper.com\\\/index.php\\\/nosotros\\\/#primaryimage\"},\"thumbnailUrl\":\"http:\\\/\\\/www.bocateriabiper.com\\\/wp-content\\\/uploads\\\/2024\\\/01\\\/Local1.png\",\"datePublished\":\"2024-01-10T09:36:01+00:00\",\"dateModified\":\"2024-01-12T10:22:00+00:00\",\"breadcrumb\":{\"@id\":\"https:\\\/\\\/www.bocateriabiper.com\\\/index.php\\\/nosotros\\\/#breadcrumb\"},\"inLanguage\":\"es\",\"potentialAction\":[{\"@type\":\"ReadAction\",\"target\":[\"https:\\\/\\\/www.bocateriabiper.com\\\/index.php\\\/nosotros\\\/\"]}]},{\"@type\":\"ImageObject\",\"inLanguage\":\"es\",\"@id\":\"https:\\\/\\\/www.bocateriabiper.com\\\/index.php\\\/nosotros\\\/#primaryimage\",\"url\":\"https:\\\/\\\/www.bocateriabiper.com\\\/wp-content\\\/uploads\\\/2024\\\/01\\\/Local1.png\",\"contentUrl\":\"https:\\\/\\\/www.bocateriabiper.com\\\/wp-content\\\/uploads\\\/2024\\\/01\\\/Local1.png\",\"width\":416,\"height\":521},{\"@type\":\"BreadcrumbList\",\"@id\":\"https:\\\/\\\/www.bocateriabiper.com\\\/index.php\\\/nosotros\\\/#breadcrumb\",\"itemListElement\":[{\"@type\":\"ListItem\",\"position\":1,\"name\":\"Portada\",\"item\":\"https:\\\/\\\/www.bocateriabiper.com\\\/\"},{\"@type\":\"ListItem\",\"position\":2,\"name\":\"Nosotros\"}]},{\"@type\":\"WebSite\",\"@id\":\"https:\\\/\\\/www.bocateriabiper.com\\\/#website\",\"url\":\"https:\\\/\\\/www.bocateriabiper.com\\\/\",\"name\":\"Bocater\u00eda B\u00edper\",\"description\":\"\",\"publisher\":{\"@id\":\"https:\\\/\\\/www.bocateriabiper.com\\\/#organization\"},\"potentialAction\":[{\"@type\":\"SearchAction\",\"target\":{\"@type\":\"EntryPoint\",\"urlTemplate\":\"https:\\\/\\\/www.bocateriabiper.com\\\/?s={search_term_string}\"},\"query-input\":{\"@type\":\"PropertyValueSpecification\",\"valueRequired\":true,\"valueName\":\"search_term_string\"}}],\"inLanguage\":\"es\"},{\"@type\":\"Organization\",\"@id\":\"https:\\\/\\\/www.bocateriabiper.com\\\/#organization\",\"name\":\"Bocater\u00eda B\u00edper\",\"url\":\"https:\\\/\\\/www.bocateriabiper.com\\\/\",\"logo\":{\"@type\":\"ImageObject\",\"inLanguage\":\"es\",\"@id\":\"https:\\\/\\\/www.bocateriabiper.com\\\/#\\\/schema\\\/logo\\\/image\\\/\",\"url\":\"https:\\\/\\\/www.bocateriabiper.com\\\/wp-content\\\/uploads\\\/2024\\\/01\\\/Logo-recortado.png\",\"contentUrl\":\"https:\\\/\\\/www.bocateriabiper.com\\\/wp-content\\\/uploads\\\/2024\\\/01\\\/Logo-recortado.png\",\"width\":656,\"height\":674,\"caption\":\"Bocater\u00eda B\u00edper\"},\"image\":{\"@id\":\"https:\\\/\\\/www.bocateriabiper.com\\\/#\\\/schema\\\/logo\\\/image\\\/\"}}]}<\/script>\n<!-- \/ Yoast SEO plugin. -->","yoast_head_json":{"title":"Nosotros - Bocater\u00eda B\u00edper","robots":{"index":"index","follow":"follow","max-snippet":"max-snippet:-1","max-image-preview":"max-image-preview:large","max-video-preview":"max-video-preview:-1"},"canonical":"https:\/\/www.bocateriabiper.com\/index.php\/nosotros\/","og_locale":"es_ES","og_type":"article","og_title":"Nosotros - Bocater\u00eda B\u00edper","og_url":"https:\/\/www.bocateriabiper.com\/index.php\/nosotros\/","og_site_name":"Bocater\u00eda B\u00edper","article_modified_time":"2024-01-12T10:22:00+00:00","og_image":[{"url":"http:\/\/www.bocateriabiper.com\/wp-content\/uploads\/2024\/01\/Local1.png","type":"","width":"","height":""}],"twitter_card":"summary_large_image","twitter_misc":{"Tiempo de lectura":"1 minuto"},"schema":{"@context":"https:\/\/schema.org","@graph":[{"@type":"WebPage","@id":"https:\/\/www.bocateriabiper.com\/index.php\/nosotros\/","url":"https:\/\/www.bocateriabiper.com\/index.php\/nosotros\/","name":"Nosotros - Bocater\u00eda B\u00edper","isPartOf":{"@id":"https:\/\/www.bocateriabiper.com\/#website"},"primaryImageOfPage":{"@id":"https:\/\/www.bocateriabiper.com\/index.php\/nosotros\/#primaryimage"},"image":{"@id":"https:\/\/www.bocateriabiper.com\/index.php\/nosotros\/#primaryimage"},"thumbnailUrl":"http:\/\/www.bocateriabiper.com\/wp-content\/uploads\/2024\/01\/Local1.png","datePublished":"2024-01-10T09:36:01+00:00","dateModified":"2024-01-12T10:22:00+00:00","breadcrumb":{"@id":"https:\/\/www.bocateriabiper.com\/index.php\/nosotros\/#breadcrumb"},"inLanguage":"es","potentialAction":[{"@type":"ReadAction","target":["https:\/\/www.bocateriabiper.com\/index.php\/nosotros\/"]}]},{"@type":"ImageObject","inLanguage":"es","@id":"https:\/\/www.bocateriabiper.com\/index.php\/nosotros\/#primaryimage","url":"https:\/\/www.bocateriabiper.com\/wp-content\/uploads\/2024\/01\/Local1.png","contentUrl":"https:\/\/www.bocateriabiper.com\/wp-content\/uploads\/2024\/01\/Local1.png","width":416,"height":521},{"@type":"BreadcrumbList","@id":"https:\/\/www.bocateriabiper.com\/index.php\/nosotros\/#breadcrumb","itemListElement":[{"@type":"ListItem","position":1,"name":"Portada","item":"https:\/\/www.bocateriabiper.com\/"},{"@type":"ListItem","position":2,"name":"Nosotros"}]},{"@type":"WebSite","@id":"https:\/\/www.bocateriabiper.com\/#website","url":"https:\/\/www.bocateriabiper.com\/","name":"Bocater\u00eda B\u00edper","description":"","publisher":{"@id":"https:\/\/www.bocateriabiper.com\/#organization"},"potentialAction":[{"@type":"SearchAction","target":{"@type":"EntryPoint","urlTemplate":"https:\/\/www.bocateriabiper.com\/?s={search_term_string}"},"query-input":{"@type":"PropertyValueSpecification","valueRequired":true,"valueName":"search_term_string"}}],"inLanguage":"es"},{"@type":"Organization","@id":"https:\/\/www.bocateriabiper.com\/#organization","name":"Bocater\u00eda B\u00edper","url":"https:\/\/www.bocateriabiper.com\/","logo":{"@type":"ImageObject","inLanguage":"es","@id":"https:\/\/www.bocateriabiper.com\/#\/schema\/logo\/image\/","url":"https:\/\/www.bocateriabiper.com\/wp-content\/uploads\/2024\/01\/Logo-recortado.png","contentUrl":"https:\/\/www.bocateriabiper.com\/wp-content\/uploads\/2024\/01\/Logo-recortado.png","width":656,"height":674,"caption":"Bocater\u00eda B\u00edper"},"image":{"@id":"https:\/\/www.bocateriabiper.com\/#\/schema\/logo\/image\/"}}]}},"_links":{"self":[{"href":"https:\/\/www.bocateriabiper.com\/index.php\/wp-json\/wp\/v2\/pages\/13","targetHints":{"allow":["GET"]}}],"collection":[{"href":"https:\/\/www.bocateriabiper.com\/index.php\/wp-json\/wp\/v2\/pages"}],"about":[{"href":"https:\/\/www.bocateriabiper.com\/index.php\/wp-json\/wp\/v2\/types\/page"}],"author":[{"embeddable":true,"href":"https:\/\/www.bocateriabiper.com\/index.php\/wp-json\/wp\/v2\/users\/1"}],"replies":[{"embeddable":true,"href":"https:\/\/www.bocateriabiper.com\/index.php\/wp-json\/wp\/v2\/comments?post=13"}],"version-history":[{"count":7,"href":"https:\/\/www.bocateriabiper.com\/index.php\/wp-json\/wp\/v2\/pages\/13\/revisions"}],"predecessor-version":[{"id":260,"href":"https:\/\/www.bocateriabiper.com\/index.php\/wp-json\/wp\/v2\/pages\/13\/revisions\/260"}],"wp:attachment":[{"href":"https:\/\/www.bocateriabiper.com\/index.php\/wp-json\/wp\/v2\/media?parent=13"}],"curies":[{"name":"wp","href":"https:\/\/api.w.org\/{rel}","templated":true}]}}